{"id":3360,"date":"2020-09-28T21:40:11","date_gmt":"2020-09-28T21:40:11","guid":{"rendered":"https:\/\/megapack.pixfort.com\/fast-elementor\/?page_id=3360"},"modified":"2023-06-14T21:47:56","modified_gmt":"2023-06-14T21:47:56","slug":"quienes-somos","status":"publish","type":"page","link":"https:\/\/hn.insumoscoral.com\/?page_id=3360","title":{"rendered":"Quienes Somos"},"content":{"rendered":"\t\t<div data-elementor-type=\"wp-page\" data-elementor-id=\"3360\" class=\"elementor elementor-3360\">\n\t\t\t\t\t\t\t\t\t<section class=\"elementor-section elementor-top-section elementor-element elementor-element-21073dde elementor-section-boxed elementor-section-height-default elementor-section-height-default\" data-id=\"21073dde\" data-element_type=\"section\">\n\t\t\t\t\t\t<div class=\"elementor-container elementor-column-gap-default\">\n\t\t\t\t\t<div class=\"elementor-column elementor-col-100 elementor-top-column elementor-element elementor-element-52fe4b48\" data-id=\"52fe4b48\" data-element_type=\"column\">\n\t\t\t<div class=\"elementor-widget-wrap elementor-element-populated\">\n\t\t\t\t\t\t\t\t<div class=\"elementor-element elementor-element-25ceab03 elementor-invisible elementor-widget elementor-widget-pix-badge\" data-id=\"25ceab03\" data-element_type=\"widget\" data-widget_type=\"pix-badge.default\">\n\t\t\t\t<div class=\"elementor-widget-container\">\n\t\t\t<div class=\"pix-element-div w-100 text-center\"><h6 class=\"pix-badge-element d-inline-block mr-1 animate-in\" data-anim-type=\"fade-in-up\" data-anim-delay=\"0\"><span class=\"badge font-weight-bold secondary-font bg-gray-2  \" style=\" \"><span class=\"text-heading-default\" style=\"\">Insumos Coral Honduras<\/span><\/span><\/h6><\/div>\t\t<\/div>\n\t\t\t\t<\/div>\n\t\t\t\t<div class=\"elementor-element elementor-element-e7a3c27 elementor-widget elementor-widget-heading\" data-id=\"e7a3c27\" data-element_type=\"widget\" data-widget_type=\"heading.default\">\n\t\t\t\t<div class=\"elementor-widget-container\">\n\t\t\t<style>\/*! elementor - v3.12.0 - 29-03-2023 *\/\n.elementor-heading-title{padding:0;margin:0;line-height:1}.elementor-widget-heading .elementor-heading-title[class*=elementor-size-]>a{color:inherit;font-size:inherit;line-height:inherit}.elementor-widget-heading .elementor-heading-title.elementor-size-small{font-size:15px}.elementor-widget-heading .elementor-heading-title.elementor-size-medium{font-size:19px}.elementor-widget-heading .elementor-heading-title.elementor-size-large{font-size:29px}.elementor-widget-heading .elementor-heading-title.elementor-size-xl{font-size:39px}.elementor-widget-heading .elementor-heading-title.elementor-size-xxl{font-size:59px}<\/style><h2 class=\"elementor-heading-title elementor-size-default\">Quienes Somos<\/h2>\t\t<\/div>\n\t\t\t\t<\/div>\n\t\t\t\t<div class=\"elementor-element elementor-element-404a7ed9 elementor-widget__width-initial elementor-invisible elementor-widget elementor-widget-pix-text\" data-id=\"404a7ed9\" data-element_type=\"widget\" data-widget_type=\"pix-text.default\">\n\t\t\t\t<div class=\"elementor-widget-container\">\n\t\t\t<div class=\"pix-el-text w-100 text-center \" ><p class=\"text-20  text-heading-default text-center font-weight-bold\" ><span class=\"text-heading-default animate-in d-inline-block\" data-anim-delay=\"200\" data-anim-type=\"fade-in-up\">En Insumos Coral Honduras nos enfocamos en el aprendizaje del uso de los materiales y herramientas por medio de tutoriales gratuitos y escuela virtual con t\u00e9cnicas nuevas en alambrismo, buscando siempre mantenernos a la vanguardia en materiales y herramientas, buscando de esta manera lo mejor del crecimiento en nuestros clientes.\n<\/span><\/p><\/div>\t\t<\/div>\n\t\t\t\t<\/div>\n\t\t\t\t<div class=\"elementor-element elementor-element-4d0253d4 elementor-invisible elementor-widget elementor-widget-pix-img\" data-id=\"4d0253d4\" data-element_type=\"widget\" data-widget_type=\"pix-img.default\">\n\t\t\t\t<div class=\"elementor-widget-container\">\n\t\t\t<div class=\"d-inline-block \" ><div class=\"pix-bounce-sm \"><div class=\"animate-in  d-inline-block\" data-anim-type=\"pix-3d-left-in\" data-anim-delay=\"0\"><div class=\"pix-img-el    shadow-lg center d-inline-block   rounded-xl\"  ><img loading=\"lazy\" decoding=\"async\" class=\"card-img2 pix-img-elem rounded-xl  h-1002\" style=\"width:1080;max-height:700;\" width=\"1920\" height=\"1080\" srcset=\"https:\/\/hn.insumoscoral.com\/wp-content\/uploads\/2023\/06\/6-1.png 1920w, https:\/\/hn.insumoscoral.com\/wp-content\/uploads\/2023\/06\/6-1-300x169.png 300w, https:\/\/hn.insumoscoral.com\/wp-content\/uploads\/2023\/06\/6-1-1024x576.png 1024w, https:\/\/hn.insumoscoral.com\/wp-content\/uploads\/2023\/06\/6-1-768x432.png 768w, https:\/\/hn.insumoscoral.com\/wp-content\/uploads\/2023\/06\/6-1-1536x864.png 1536w\" sizes=\"auto, (max-width: 1920px) 100vw, 1920px\" src=\"https:\/\/hn.insumoscoral.com\/wp-content\/uploads\/2023\/06\/6-1.png\" alt=\"\" \/><\/div><\/div><\/div><\/div>\t\t<\/div>\n\t\t\t\t<\/div>\n\t\t\t\t<div class=\"elementor-element elementor-element-44d77f79 elementor-invisible elementor-widget elementor-widget-pix-text\" data-id=\"44d77f79\" data-element_type=\"widget\" data-widget_type=\"pix-text.default\">\n\t\t\t\t<div class=\"elementor-widget-container\">\n\t\t\t<div class=\"pix-el-text w-100 text-center \" ><p class=\"text-20  text-black text-center font-weight-bold\" ><span class=\"text-black animate-in d-inline-block\" data-anim-delay=\"200\" data-anim-type=\"fade-in-up\">Insumos Coral Honduras, una empresa creada en el 2020 en la Ciudad de Comayag\u00fcela, con el objetivo de ofrecer insumos para elaboraci\u00f3n de bisuter\u00eda y joyer\u00eda artesanal dado que, consideramos una notable aceptaci\u00f3n de los productos importados al mercado nacional; esto con el fin de generar el emprendimiento, desarrollo de manualidades y\/o pasa tiempo, mismo que nos ha permitido el crecimiento, brindando lo mejor a nuestros clientes.\n<\/span><\/p><\/div>\t\t<\/div>\n\t\t\t\t<\/div>\n\t\t\t\t\t<\/div>\n\t\t<\/div>\n\t\t\t\t\t\t\t<\/div>\n\t\t<\/section>\n\t\t\t\t<section class=\"elementor-section elementor-top-section elementor-element elementor-element-5b63c8c2 elementor-section-stretched elementor-section-boxed elementor-section-height-default elementor-section-height-default\" data-id=\"5b63c8c2\" data-element_type=\"section\" data-settings=\"{&quot;stretch_section&quot;:&quot;section-stretched&quot;,&quot;background_background&quot;:&quot;classic&quot;}\">\n\t\t\t\t\t\t<div class=\"elementor-container elementor-column-gap-default\">\n\t\t\t\t\t<div class=\"elementor-column elementor-col-33 elementor-top-column elementor-element elementor-element-627dc70c\" data-id=\"627dc70c\" data-element_type=\"column\">\n\t\t\t<div class=\"elementor-widget-wrap elementor-element-populated\">\n\t\t\t\t\t\t\t\t<section class=\"elementor-section elementor-inner-section elementor-element elementor-element-41706b2e bg-white shadow shadow-hover fly-sm rounded-10 animated-fast elementor-section-boxed elementor-section-height-default elementor-section-height-default elementor-invisible\" data-id=\"41706b2e\" data-element_type=\"section\" data-settings=\"{&quot;animation&quot;:&quot;fadeInUp&quot;,&quot;animation_delay&quot;:400}\">\n\t\t\t\t\t\t<div class=\"elementor-container elementor-column-gap-default\">\n\t\t\t\t\t<div class=\"elementor-column elementor-col-100 elementor-inner-column elementor-element elementor-element-7fc4f2c8\" data-id=\"7fc4f2c8\" data-element_type=\"column\">\n\t\t\t<div class=\"elementor-widget-wrap elementor-element-populated\">\n\t\t\t\t\t\t\t\t<div class=\"elementor-element elementor-element-5d0c360c elementor-widget elementor-widget-pix-feature\" data-id=\"5d0c360c\" data-element_type=\"widget\" data-widget_type=\"pix-feature.default\">\n\t\t\t\t<div class=\"elementor-widget-container\">\n\t\t\t<div id=\"duo-icon-161376522\" class=\"pix-feature-el text-center \"><div class=\"feature_img \"   style=\"\"><img decoding=\"async\" style=\"width:;height:;\" class=\"img-fluid2 pix-fit-cover2 pix-fit-contain  rounded-circle\" src=\"https:\/\/hn.insumoscoral.com\/wp-content\/uploads\/2023\/06\/Diseno-sin-titulo-14-150x150.png\" alt=\"Misi\u00f3n\"><\/div><h3 class=\"font-weight-bold   text-black \" style=\"padding-top:20px;\"  >Misi\u00f3n<\/h3><div class=\"text-heading-default text-18     \" style=\"padding-top:10px;\"  >Somos una organizaci\u00f3n mypime dedicada a la comercializaci\u00f3n de materiales para bisuter\u00eda artesanal utilizando la tecnolog\u00eda, como medio principal en la innovaci\u00f3n, generando apoyo de emprendimiento nacional e internacional.<\/div><\/div>\t\t<\/div>\n\t\t\t\t<\/div>\n\t\t\t\t\t<\/div>\n\t\t<\/div>\n\t\t\t\t\t\t\t<\/div>\n\t\t<\/section>\n\t\t\t\t\t<\/div>\n\t\t<\/div>\n\t\t\t\t<div class=\"elementor-column elementor-col-33 elementor-top-column elementor-element elementor-element-485da0c5\" data-id=\"485da0c5\" data-element_type=\"column\">\n\t\t\t<div class=\"elementor-widget-wrap elementor-element-populated\">\n\t\t\t\t\t\t\t\t<section class=\"elementor-section elementor-inner-section elementor-element elementor-element-76297da3 bg-white shadow shadow-hover fly-sm rounded-10 animated-fast elementor-section-boxed elementor-section-height-default elementor-section-height-default elementor-invisible\" data-id=\"76297da3\" data-element_type=\"section\" data-settings=\"{&quot;animation&quot;:&quot;fadeInUp&quot;,&quot;animation_delay&quot;:400}\">\n\t\t\t\t\t\t<div class=\"elementor-container elementor-column-gap-default\">\n\t\t\t\t\t<div class=\"elementor-column elementor-col-100 elementor-inner-column elementor-element elementor-element-2723e21d\" data-id=\"2723e21d\" data-element_type=\"column\">\n\t\t\t<div class=\"elementor-widget-wrap elementor-element-populated\">\n\t\t\t\t\t\t\t\t<div class=\"elementor-element elementor-element-75089322 elementor-widget elementor-widget-pix-feature\" data-id=\"75089322\" data-element_type=\"widget\" data-widget_type=\"pix-feature.default\">\n\t\t\t\t<div class=\"elementor-widget-container\">\n\t\t\t<div id=\"duo-icon-38803487\" class=\"pix-feature-el text-center \"><div class=\"feature_img \"   style=\"\"><img decoding=\"async\" style=\"width:;height:;\" class=\"img-fluid2 pix-fit-cover2 pix-fit-contain  rounded-circle\" src=\"https:\/\/hn.insumoscoral.com\/wp-content\/uploads\/2023\/06\/Diseno-sin-titulo-14-150x150.png\" alt=\"Visi\u00f3n\"><\/div><h3 class=\"font-weight-bold   text-black \" style=\"padding-top:20px;\"  >Visi\u00f3n<\/h3><div class=\"text-heading-default text-18     \" style=\"padding-top:10px;\"  >Ser una empresa l\u00edder en la l\u00ednea de bisuter\u00eda, expandiendo productos en tendencia y de calidad a nivel internacional, ofreciendo educaci\u00f3n continua en el desarrollo de joyer\u00eda artesanal a trav\u00e9s de nuestras plataformas digitales.<\/div><\/div>\t\t<\/div>\n\t\t\t\t<\/div>\n\t\t\t\t\t<\/div>\n\t\t<\/div>\n\t\t\t\t\t\t\t<\/div>\n\t\t<\/section>\n\t\t\t\t\t<\/div>\n\t\t<\/div>\n\t\t\t\t<div class=\"elementor-column elementor-col-33 elementor-top-column elementor-element elementor-element-366c450f\" data-id=\"366c450f\" data-element_type=\"column\">\n\t\t\t<div class=\"elementor-widget-wrap elementor-element-populated\">\n\t\t\t\t\t\t\t\t<section class=\"elementor-section elementor-inner-section elementor-element elementor-element-27a72de4 bg-white shadow shadow-hover fly-sm rounded-10 animated-fast elementor-section-boxed elementor-section-height-default elementor-section-height-default elementor-invisible\" data-id=\"27a72de4\" data-element_type=\"section\" data-settings=\"{&quot;animation&quot;:&quot;fadeInUp&quot;,&quot;animation_delay&quot;:400}\">\n\t\t\t\t\t\t<div class=\"elementor-container elementor-column-gap-default\">\n\t\t\t\t\t<div class=\"elementor-column elementor-col-100 elementor-inner-column elementor-element elementor-element-81405ee\" data-id=\"81405ee\" data-element_type=\"column\">\n\t\t\t<div class=\"elementor-widget-wrap elementor-element-populated\">\n\t\t\t\t\t\t\t\t<div class=\"elementor-element elementor-element-730a6c4b elementor-widget elementor-widget-pix-feature\" data-id=\"730a6c4b\" data-element_type=\"widget\" data-widget_type=\"pix-feature.default\">\n\t\t\t\t<div class=\"elementor-widget-container\">\n\t\t\t<div id=\"duo-icon-83944948\" class=\"pix-feature-el text-center \"><div class=\"feature_img \"   style=\"\"><img decoding=\"async\" style=\"width:;height:;\" class=\"img-fluid2 pix-fit-cover2 pix-fit-contain  rounded-circle\" src=\"https:\/\/hn.insumoscoral.com\/wp-content\/uploads\/2023\/06\/Diseno-sin-titulo-14-150x150.png\" alt=\"Valores\"><\/div><h3 class=\"font-weight-bold   text-black \" style=\"padding-top:20px;\"  >Valores<\/h3><div class=\"text-heading-default text-18     \" style=\"padding-top:10px;\"  >Diferenciaci\u00f3n<br>Calidad<br>Honestidad<br>Transparencia<br>Pasi\u00f3n<br>Respeto<\/div><\/div>\t\t<\/div>\n\t\t\t\t<\/div>\n\t\t\t\t\t<\/div>\n\t\t<\/div>\n\t\t\t\t\t\t\t<\/div>\n\t\t<\/section>\n\t\t\t\t\t<\/div>\n\t\t<\/div>\n\t\t\t\t\t\t\t<\/div>\n\t\t<\/section>\n\t\t\t\t<section class=\"elementor-section elementor-top-section elementor-element elementor-element-370e0d1e elementor-section-stretched elementor-section-boxed elementor-section-height-default elementor-section-height-default\" data-id=\"370e0d1e\" data-element_type=\"section\" data-settings=\"{&quot;stretch_section&quot;:&quot;section-stretched&quot;,&quot;background_background&quot;:&quot;classic&quot;}\">\n\t\t\t\t\t\t<div class=\"elementor-container elementor-column-gap-default\">\n\t\t\t\t\t<div class=\"elementor-column elementor-col-100 elementor-top-column elementor-element elementor-element-13d20a8a\" data-id=\"13d20a8a\" data-element_type=\"column\">\n\t\t\t<div class=\"elementor-widget-wrap elementor-element-populated\">\n\t\t\t\t\t\t\t\t<div class=\"elementor-element elementor-element-9576d7b elementor-widget elementor-widget-pix-button\" data-id=\"9576d7b\" data-element_type=\"widget\" data-widget_type=\"pix-button.default\">\n\t\t\t\t<div class=\"elementor-widget-container\">\n\t\t\t<div class=\"d-block w-100 text-center\"><a  href=\"https:\/\/tiendaonline.insumoscoralhonduras.com\/\" class=\"btn m-0     btn-red d-inline-block      pix-btn-div btn-md\"     ><i class=\"font-weight-bold pixicon-cart-check   mr-1\"><\/i> <span class=\"font-weight-bold \" >Rrealiza tu pedido<\/span><\/a><\/div>\t\t<\/div>\n\t\t\t\t<\/div>\n\t\t\t\t<div class=\"elementor-element elementor-element-f2b6ec5 elementor-widget elementor-widget-heading\" data-id=\"f2b6ec5\" data-element_type=\"widget\" data-widget_type=\"heading.default\">\n\t\t\t\t<div class=\"elementor-widget-container\">\n\t\t\t<h2 class=\"elementor-heading-title elementor-size-default\">D\u00e9jate inspirar y crea<br>tu propio estilo!<\/h2>\t\t<\/div>\n\t\t\t\t<\/div>\n\t\t\t\t<div class=\"elementor-element elementor-element-5b0faf16 elementor-invisible elementor-widget elementor-widget-pix-text\" data-id=\"5b0faf16\" data-element_type=\"widget\" data-widget_type=\"pix-text.default\">\n\t\t\t\t<div class=\"elementor-widget-container\">\n\t\t\t<div class=\"pix-el-text w-100 text-center \" ><p class=\"text-20 m-0 text-heading-default text-center font-weight-bold\" ><span class=\"text-heading-default animate-in d-inline-block\" data-anim-delay=\"200\" data-anim-type=\"fade-in-up\">Creemos que la creatividad no tiene l\u00edmites. Ofrecemos una amplia gama de materiales para que puedas experimentar con diferentes dise\u00f1os y estilos<\/span><\/p><\/div>\t\t<\/div>\n\t\t\t\t<\/div>\n\t\t\t\t<section class=\"elementor-section elementor-inner-section elementor-element elementor-element-4e1ed8ea elementor-section-boxed elementor-section-height-default elementor-section-height-default\" data-id=\"4e1ed8ea\" data-element_type=\"section\">\n\t\t\t\t\t\t<div class=\"elementor-container elementor-column-gap-default\">\n\t\t\t\t\t<div class=\"elementor-column elementor-col-50 elementor-inner-column elementor-element elementor-element-3eea7b8d\" data-id=\"3eea7b8d\" data-element_type=\"column\">\n\t\t\t<div class=\"elementor-widget-wrap elementor-element-populated\">\n\t\t\t\t\t\t\t\t<div class=\"elementor-element elementor-element-72cd3b19 elementor-widget elementor-widget-pix-numbers\" data-id=\"72cd3b19\" data-element_type=\"widget\" data-widget_type=\"pix-numbers.default\">\n\t\t\t\t<div class=\"elementor-widget-container\">\n\t\t\t<div class=\"pix_numbers animate-math \"><div><h1 class=\"align-self-center text-center \"><span class=\"font-weight-bold text-red\" style=\"\">+<\/span><span class=\"number font-weight-bold text-red\" style=\"\" data-duration=\"1200\" data-to=\"1500\">0<\/span><span class=\"font-weight-bold text-red\" style=\"\"><\/span><\/h1><\/div><div class=\"w-100 text-center\"><h6 class=\"mt-0 text-heading-default font-weight-bold\" style=\"\">Clientes Satisfechos<\/h6><\/div><\/div>\n\t\t<\/div>\n\t\t\t\t<\/div>\n\t\t\t\t\t<\/div>\n\t\t<\/div>\n\t\t\t\t<div class=\"elementor-column elementor-col-50 elementor-inner-column elementor-element elementor-element-2799f3f8\" data-id=\"2799f3f8\" data-element_type=\"column\">\n\t\t\t<div class=\"elementor-widget-wrap elementor-element-populated\">\n\t\t\t\t\t\t\t\t<div class=\"elementor-element elementor-element-1dfb06df elementor-widget elementor-widget-pix-numbers\" data-id=\"1dfb06df\" data-element_type=\"widget\" data-widget_type=\"pix-numbers.default\">\n\t\t\t\t<div class=\"elementor-widget-container\">\n\t\t\t<div class=\"pix_numbers animate-math \"><div><h1 class=\"align-self-center text-center \"><span class=\"font-weight-bold text-red\" style=\"\">+<\/span><span class=\"number font-weight-bold text-red\" style=\"\" data-duration=\"1200\" data-to=\"50000\">0<\/span><span class=\"font-weight-bold text-red\" style=\"\"><\/span><\/h1><\/div><div class=\"w-100 text-center\"><h6 class=\"mt-0 text-heading-default font-weight-bold\" style=\"\">Envios a Nivel Nacional<\/h6><\/div><\/div>\n\t\t<\/div>\n\t\t\t\t<\/div>\n\t\t\t\t\t<\/div>\n\t\t<\/div>\n\t\t\t\t\t\t\t<\/div>\n\t\t<\/section>\n\t\t\t\t\t<\/div>\n\t\t<\/div>\n\t\t\t\t\t\t\t<\/div>\n\t\t<\/section>\n\t\t\t\t\t\t\t<\/div>\n\t\t","protected":false},"excerpt":{"rendered":"<p>Insumos Coral Honduras Quienes Somos En Insumos Coral Honduras nos enfocamos en el aprendizaje del uso de los materiales y herramientas por medio de tutoriales gratuitos y escuela virtual con t\u00e9cnicas nuevas en alambrismo, buscando siempre mantenernos a la vanguardia&#8230;<\/p>\n","protected":false},"author":1,"featured_media":0,"parent":0,"menu_order":0,"comment_status":"closed","ping_status":"closed","template":"","meta":{"_joinchat":[],"footnotes":""},"class_list":["post-3360","page","type-page","status-publish","hentry"],"_links":{"self":[{"href":"https:\/\/hn.insumoscoral.com\/index.php?rest_route=\/wp\/v2\/pages\/3360","targetHints":{"allow":["GET"]}}],"collection":[{"href":"https:\/\/hn.insumoscoral.com\/index.php?rest_route=\/wp\/v2\/pages"}],"about":[{"href":"https:\/\/hn.insumoscoral.com\/index.php?rest_route=\/wp\/v2\/types\/page"}],"author":[{"embeddable":true,"href":"https:\/\/hn.insumoscoral.com\/index.php?rest_route=\/wp\/v2\/users\/1"}],"replies":[{"embeddable":true,"href":"https:\/\/hn.insumoscoral.com\/index.php?rest_route=%2Fwp%2Fv2%2Fcomments&post=3360"}],"version-history":[{"count":192,"href":"https:\/\/hn.insumoscoral.com\/index.php?rest_route=\/wp\/v2\/pages\/3360\/revisions"}],"predecessor-version":[{"id":4572,"href":"https:\/\/hn.insumoscoral.com\/index.php?rest_route=\/wp\/v2\/pages\/3360\/revisions\/4572"}],"wp:attachment":[{"href":"https:\/\/hn.insumoscoral.com\/index.php?rest_route=%2Fwp%2Fv2%2Fmedia&parent=3360"}],"curies":[{"name":"wp","href":"https:\/\/api.w.org\/{rel}","templated":true}]}}