{"id":3889,"date":"2023-04-02T15:03:46","date_gmt":"2023-04-02T15:03:46","guid":{"rendered":"https:\/\/hn.insumoscoral.com\/?page_id=3889"},"modified":"2023-06-12T20:50:51","modified_gmt":"2023-06-12T20:50:51","slug":"preguntas-frecuentes","status":"publish","type":"page","link":"https:\/\/hn.insumoscoral.com\/?page_id=3889","title":{"rendered":"Preguntas Frecuentes"},"content":{"rendered":"\t\t<div data-elementor-type=\"wp-page\" data-elementor-id=\"3889\" class=\"elementor elementor-3889\">\n\t\t\t\t\t\t\t\t\t<section class=\"elementor-section elementor-top-section elementor-element elementor-element-5766d898 elementor-section-boxed elementor-section-height-default elementor-section-height-default\" data-id=\"5766d898\" data-element_type=\"section\">\n\t\t\t\t\t\t<div class=\"elementor-container elementor-column-gap-default\">\n\t\t\t\t\t<div class=\"elementor-column elementor-col-100 elementor-top-column elementor-element elementor-element-12bef8a8\" data-id=\"12bef8a8\" data-element_type=\"column\">\n\t\t\t<div class=\"elementor-widget-wrap elementor-element-populated\">\n\t\t\t\t\t\t\t\t<div class=\"elementor-element elementor-element-cd032bb elementor-widget elementor-widget-heading\" data-id=\"cd032bb\" data-element_type=\"widget\" data-widget_type=\"heading.default\">\n\t\t\t\t<div class=\"elementor-widget-container\">\n\t\t\t<style>\/*! elementor - v3.12.0 - 29-03-2023 *\/\n.elementor-heading-title{padding:0;margin:0;line-height:1}.elementor-widget-heading .elementor-heading-title[class*=elementor-size-]>a{color:inherit;font-size:inherit;line-height:inherit}.elementor-widget-heading .elementor-heading-title.elementor-size-small{font-size:15px}.elementor-widget-heading .elementor-heading-title.elementor-size-medium{font-size:19px}.elementor-widget-heading .elementor-heading-title.elementor-size-large{font-size:29px}.elementor-widget-heading .elementor-heading-title.elementor-size-xl{font-size:39px}.elementor-widget-heading .elementor-heading-title.elementor-size-xxl{font-size:59px}<\/style><h2 class=\"elementor-heading-title elementor-size-default\">Preguntas Frecuentes<\/h2>\t\t<\/div>\n\t\t\t\t<\/div>\n\t\t\t\t<div class=\"elementor-element elementor-element-1ef72cda elementor-widget elementor-widget-pix-accordion\" data-id=\"1ef72cda\" data-element_type=\"widget\" data-widget_type=\"pix-accordion.default\">\n\t\t\t\t<div class=\"elementor-widget-container\">\n\t\t\t<div class=\"accordion w-100 accordion-card bg-white2 rounded-lg2\" id=\"accordion-8763296\"><div class=\"card\">\n               <div class=\"card-header pix-mb-10 shadow-sm rounded-lg bg-custom\" id=\"headingpix-tab-752623\" style=\"background:#EAD24E\">\n                   <button class=\"btn btn-link text-left\" type=\"button\" data-toggle=\"collapse\" data-target=\"#collapsepix-tab-752623\" aria-expanded=\"true\" aria-controls=\"collapsepix-tab-752623\"><i class=\"pixicon-plus-circle text-black text-20 pix-mr-10\" ><\/i> <span class=\"font-weight-bold text-black\" >\u00bfTienen tienda f\u00edsica?<\/span><\/button>\n               <\/div>\n\n               <div id=\"collapsepix-tab-752623\" class=\"collapse \" aria-labelledby=\"headingpix-tab-752623\">\n                 <div class=\"card-body\">\n                     <p>De momento somos tienda online. Nuestro horario de atenci\u00f3n es de <strong>lunes a viernes<\/strong><br \/><strong>de 8:00 am - 5:00pm, y s\u00e1bados de 8:00am \u2013 4:00pm<\/strong><\/p>\n                 <\/div>\n               <\/div>\n             <\/div><div class=\"card\">\n               <div class=\"card-header pix-mb-10 shadow-sm rounded-lg bg-custom\" id=\"headingpix-tab-9798933\" style=\"background:#EAD24E\">\n                   <button class=\"btn btn-link text-left\" type=\"button\" data-toggle=\"collapse\" data-target=\"#collapsepix-tab-9798933\" aria-expanded=\"true\" aria-controls=\"collapsepix-tab-9798933\"><i class=\"pixicon-plus-circle text-black text-20 pix-mr-10\" ><\/i> <span class=\"font-weight-bold text-black\" >\u00bfQu\u00e9 formas de pago puedo aprovechar para realizar mi compra?<\/span><\/button>\n               <\/div>\n\n               <div id=\"collapsepix-tab-9798933\" class=\"collapse \" aria-labelledby=\"headingpix-tab-9798933\">\n                 <div class=\"card-body\">\n                     <p><strong>Disponemos de los siguientes medios de pago:<\/strong><\/p><p>\u00a0 \u00a0 \u00a0<img loading=\"lazy\" decoding=\"async\" class=\"\" src=\"https:\/\/i.ytimg.com\/vi\/i09C02151PI\/maxresdefault.jpg\" alt=\"Visa vs Mastercard: Here's The REAL Difference... - YouTube\" width=\"146\" height=\"82\" \/><\/p><ul><li>Tambi\u00e9n, puedes seleccionar la forma de pago en EFECTIVO (\u00fanicamente en<br \/>Tegucigalpa, contra entrega), DEPOSITO o TRANSFERENCIA y obtienes<br \/>autom\u00e1ticamente un <strong>10% DE DESCUENTO<\/strong> en el total de tu compra.<\/li><\/ul>\n                 <\/div>\n               <\/div>\n             <\/div><div class=\"card\">\n               <div class=\"card-header pix-mb-10 shadow-sm rounded-lg bg-custom\" id=\"headingpix-tab-9446841\" style=\"background:#EAD24E\">\n                   <button class=\"btn btn-link text-left\" type=\"button\" data-toggle=\"collapse\" data-target=\"#collapsepix-tab-9446841\" aria-expanded=\"true\" aria-controls=\"collapsepix-tab-9446841\"><i class=\"pixicon-plus-circle text-black text-20 pix-mr-10\" ><\/i> <span class=\"font-weight-bold text-black\" >\u00bfCu\u00e1l es el costo de env\u00edo?<\/span><\/button>\n               <\/div>\n\n               <div id=\"collapsepix-tab-9446841\" class=\"collapse \" aria-labelledby=\"headingpix-tab-9446841\">\n                 <div class=\"card-body\">\n                     <p><strong>El costo de env\u00edo a nivel nacional:<\/strong><\/p><p>Enviamos con la empresa<br \/><strong>C807 Spress<\/strong><\/p><p><img loading=\"lazy\" decoding=\"async\" class=\"alignnone  wp-image-4206\" src=\"https:\/\/hn.insumoscoral.com\/wp-content\/uploads\/2023\/06\/logo-300x105.png\" alt=\"\" width=\"148\" height=\"52\" srcset=\"https:\/\/hn.insumoscoral.com\/wp-content\/uploads\/2023\/06\/logo-300x105.png 300w, https:\/\/hn.insumoscoral.com\/wp-content\/uploads\/2023\/06\/logo-1024x357.png 1024w, https:\/\/hn.insumoscoral.com\/wp-content\/uploads\/2023\/06\/logo-768x268.png 768w, https:\/\/hn.insumoscoral.com\/wp-content\/uploads\/2023\/06\/logo-1536x535.png 1536w, https:\/\/hn.insumoscoral.com\/wp-content\/uploads\/2023\/06\/logo.png 2046w\" sizes=\"auto, (max-width: 148px) 100vw, 148px\" \/><\/p><p><strong>- Costo L110.00<\/strong><\/p><p>Excepci\u00f3n de \u00datila y Roat\u00e1n, pedidos llegan hasta la ciudad de La Ceiba.<\/p><p>Tegucigalpa o Comayag\u00fcela:<br \/>Costo desde L 60.00 (precio puede variar dependiendo de la zona de entrega, mismo<br \/>te ser\u00e1 notificado v\u00eda WhatsApp o correo electr\u00f3nico cuando hayas realizado tu<br \/>pedido).<\/p><p>Si lo deseas, tambi\u00e9n puedes consultar el precio de envi\u00f3 a uno de nuestros<br \/>asesores de venta por medio de (Haciendo Click en las negritas) <a href=\"https:\/\/api.whatsapp.com\/send?phone=50497524952&amp;text=Hola!..%20Bienvenido%20a%20Insumos%20Coral%20Honduras\"><strong>WhatsApp<\/strong><\/a> antes de realizar tu compra en el<br \/>web o <a href=\"https:\/\/api.whatsapp.com\/send?phone=50497524952&amp;text=Hola!..%20Bienvenido%20a%20Insumos%20Coral%20Honduras\"><strong>(+504 9752-4952, +504 9356-4010)<\/strong><\/a><\/p>\n                 <\/div>\n               <\/div>\n             <\/div><div class=\"card\">\n               <div class=\"card-header pix-mb-10 shadow-sm rounded-lg bg-custom\" id=\"headingpix-tab-5969976\" style=\"background:#EAD24E\">\n                   <button class=\"btn btn-link text-left\" type=\"button\" data-toggle=\"collapse\" data-target=\"#collapsepix-tab-5969976\" aria-expanded=\"true\" aria-controls=\"collapsepix-tab-5969976\"><i class=\"pixicon-plus-circle text-black text-20 pix-mr-10\" ><\/i> <span class=\"font-weight-bold text-black\" >\u00bfC\u00f3mo se realizan los env\u00edos?<\/span><\/button>\n               <\/div>\n\n               <div id=\"collapsepix-tab-5969976\" class=\"collapse \" aria-labelledby=\"headingpix-tab-5969976\">\n                 <div class=\"card-body\">\n                     <p>Para env\u00edos fuera de Tegucigalpa<\/p><p><strong>Trabajamos con:<\/strong><\/p><p><img loading=\"lazy\" decoding=\"async\" class=\"alignnone  wp-image-4206\" src=\"https:\/\/hn.insumoscoral.com\/wp-content\/uploads\/2023\/06\/logo-300x105.png\" alt=\"\" width=\"154\" height=\"54\" srcset=\"https:\/\/hn.insumoscoral.com\/wp-content\/uploads\/2023\/06\/logo-300x105.png 300w, https:\/\/hn.insumoscoral.com\/wp-content\/uploads\/2023\/06\/logo-1024x357.png 1024w, https:\/\/hn.insumoscoral.com\/wp-content\/uploads\/2023\/06\/logo-768x268.png 768w, https:\/\/hn.insumoscoral.com\/wp-content\/uploads\/2023\/06\/logo-1536x535.png 1536w, https:\/\/hn.insumoscoral.com\/wp-content\/uploads\/2023\/06\/logo.png 2046w\" sizes=\"auto, (max-width: 154px) 100vw, 154px\" \/><\/p><p>Dentro de Tegucigalpa contamos con el servicio de <strong>Delivey<\/strong><\/p>\n                 <\/div>\n               <\/div>\n             <\/div><div class=\"card\">\n               <div class=\"card-header pix-mb-10 shadow-sm rounded-lg bg-custom\" id=\"headingpix-tab-8425016\" style=\"background:#EAD24E\">\n                   <button class=\"btn btn-link text-left\" type=\"button\" data-toggle=\"collapse\" data-target=\"#collapsepix-tab-8425016\" aria-expanded=\"true\" aria-controls=\"collapsepix-tab-8425016\"><i class=\"pixicon-plus-circle text-black text-20 pix-mr-10\" ><\/i> <span class=\"font-weight-bold text-black\" >\u00bfCu\u00e1ndo sale mi pedido?<\/span><\/button>\n               <\/div>\n\n               <div id=\"collapsepix-tab-8425016\" class=\"collapse \" aria-labelledby=\"headingpix-tab-8425016\">\n                 <div class=\"card-body\">\n                     <p>Eso depender\u00e1 del tiempo en que lo realices, ya sea por la <a href=\"https:\/\/tiendaonline.insumoscoralhonduras.com\/\"><strong>web<\/strong> <\/a>o por <a href=\"https:\/\/api.whatsapp.com\/send?phone=50497524952&amp;text=Hola!..%20Bienvenido%20a%20Insumos%20Coral%20Honduras\"><strong>WhatsApp.<\/strong><\/a><\/p><p><strong>Nacional: <\/strong><\/p><p><strong>Lunes a viernes<\/strong> - Despu\u00e9s de confirmar el pago, los pedidos son enviados al d\u00eda<br \/>siguiente.<\/p><p><strong>S\u00e1bado<\/strong> - Se env\u00edan el d\u00eda lunes de la semana entrante.<\/p><p><strong>Tegucigalpa:<\/strong><\/p><p><strong>Lunes a viernes<\/strong> - Debes realizar tu pedido con confirmaci\u00f3n de pago antes de las 2:00pm<\/p><p><strong>S\u00e1bado<\/strong> - Se env\u00edan el d\u00eda lunes de la semana entrante.<\/p>\n                 <\/div>\n               <\/div>\n             <\/div><div class=\"card\">\n               <div class=\"card-header pix-mb-10 shadow-sm rounded-lg bg-custom\" id=\"headingpix-tab-2287901\" style=\"background:#EAD24E\">\n                   <button class=\"btn btn-link text-left\" type=\"button\" data-toggle=\"collapse\" data-target=\"#collapsepix-tab-2287901\" aria-expanded=\"true\" aria-controls=\"collapsepix-tab-2287901\"><i class=\"pixicon-plus-circle text-black text-20 pix-mr-10\" ><\/i> <span class=\"font-weight-bold text-black\" >\u00bfCu\u00e1nto tarda en llegar el pedido?<\/span><\/button>\n               <\/div>\n\n               <div id=\"collapsepix-tab-2287901\" class=\"collapse \" aria-labelledby=\"headingpix-tab-2287901\">\n                 <div class=\"card-body\">\n                     <p><strong>Nacional:<\/strong><br \/><strong>C807 xpress<\/strong><\/p><p><strong><img loading=\"lazy\" decoding=\"async\" class=\"alignnone  wp-image-4206\" src=\"https:\/\/hn.insumoscoral.com\/wp-content\/uploads\/2023\/06\/logo-300x105.png\" alt=\"\" width=\"143\" height=\"50\" srcset=\"https:\/\/hn.insumoscoral.com\/wp-content\/uploads\/2023\/06\/logo-300x105.png 300w, https:\/\/hn.insumoscoral.com\/wp-content\/uploads\/2023\/06\/logo-1024x357.png 1024w, https:\/\/hn.insumoscoral.com\/wp-content\/uploads\/2023\/06\/logo-768x268.png 768w, https:\/\/hn.insumoscoral.com\/wp-content\/uploads\/2023\/06\/logo-1536x535.png 1536w, https:\/\/hn.insumoscoral.com\/wp-content\/uploads\/2023\/06\/logo.png 2046w\" sizes=\"auto, (max-width: 143px) 100vw, 143px\" \/><\/strong><\/p><p><strong>Lunes a viernes<\/strong> - Al d\u00eda siguiente luego de haber acreditado el pago (aplica<br \/>excepciones de entrega de 1 a 3 d\u00edas h\u00e1biles dependiendo la cobertura de envi\u00f3)<br \/><strong>S\u00e1bado<\/strong> - recibe d\u00eda lunes de la semana entrante (aplica excepciones de entrega de 1 a<br \/>3 d\u00edas h\u00e1biles dependiendo la cobertura de envi\u00f3)<\/p><p><strong>Tegucigalpa:<\/strong><br \/><strong>Lunes a viernes<\/strong> - Si confirmas el pago antes de las 2:00pm lo recibes el d\u00eda mismo d\u00eda<br \/>en un horario de 3:30pm a 6:00pm<br \/><strong>S\u00e1bado<\/strong> - Su pedido ser\u00e1 entregado el d\u00eda lunes de la semana entrante en un horario de<br \/>3:30pm a 6:00pm<\/p>\n                 <\/div>\n               <\/div>\n             <\/div><div class=\"card\">\n               <div class=\"card-header pix-mb-10 shadow-sm rounded-lg bg-custom\" id=\"headingpix-tab-7474431\" style=\"background:#EAD24E\">\n                   <button class=\"btn btn-link text-left\" type=\"button\" data-toggle=\"collapse\" data-target=\"#collapsepix-tab-7474431\" aria-expanded=\"true\" aria-controls=\"collapsepix-tab-7474431\"><i class=\"pixicon-plus-circle text-black text-20 pix-mr-10\" ><\/i> <span class=\"font-weight-bold text-black\" >\u00bfPuedo recoger mi pedido en tienda?<\/span><\/button>\n               <\/div>\n\n               <div id=\"collapsepix-tab-7474431\" class=\"collapse \" aria-labelledby=\"headingpix-tab-7474431\">\n                 <div class=\"card-body\">\n                     <p>No, pero te hacemos llegar tu pedido donde lo desees.<\/p>\n                 <\/div>\n               <\/div>\n             <\/div><div class=\"card\">\n               <div class=\"card-header pix-mb-10 shadow-sm rounded-lg bg-custom\" id=\"headingpix-tab-687169\" style=\"background:#EAD24E\">\n                   <button class=\"btn btn-link text-left\" type=\"button\" data-toggle=\"collapse\" data-target=\"#collapsepix-tab-687169\" aria-expanded=\"true\" aria-controls=\"collapsepix-tab-687169\"><i class=\"pixicon-plus-circle text-black text-20 pix-mr-10\" ><\/i> <span class=\"font-weight-bold text-black\" >\u00bfPuedo cambiar un producto con fallas?<\/span><\/button>\n               <\/div>\n\n               <div id=\"collapsepix-tab-687169\" class=\"collapse \" aria-labelledby=\"headingpix-tab-687169\">\n                 <div class=\"card-body\">\n                     <p>Si su producto llego con fallas al momento de recibirlo, com\u00e9ntenos inmediatamente,<br \/>as\u00ed coordinamos el cambio del mismo o devoluci\u00f3n y posterior el reintegro del dinero.<\/p><p><br \/><strong>Esto solo si presenta desperfectos de f\u00e1brica.<\/strong><\/p>\n                 <\/div>\n               <\/div>\n             <\/div><div class=\"card\">\n               <div class=\"card-header pix-mb-10 shadow-sm rounded-lg bg-custom\" id=\"headingpix-tab-3465846\" style=\"background:#EAD24E\">\n                   <button class=\"btn btn-link text-left\" type=\"button\" data-toggle=\"collapse\" data-target=\"#collapsepix-tab-3465846\" aria-expanded=\"true\" aria-controls=\"collapsepix-tab-3465846\"><i class=\"pixicon-plus-circle text-black text-20 pix-mr-10\" ><\/i> <span class=\"font-weight-bold text-black\" >Restricciones<\/span><\/button>\n               <\/div>\n\n               <div id=\"collapsepix-tab-3465846\" class=\"collapse \" aria-labelledby=\"headingpix-tab-3465846\">\n                 <div class=\"card-body\">\n                     <p>\u00a0 \u00a0 \u00a0 \u00a0 <strong>1.<\/strong> No se realizan cambios por da\u00f1os resultados del mal uso del producto.<\/p><p>\u00a0 \u00a0 \u00a0 \u00a0 <strong>2.<\/strong> Debe indicarnos de la falla en un m\u00e1ximo de 72 horas luego de recibir su producto, caso contrario no aplicar\u00eda su reclamo.<\/p><p>\u00a0 \u00a0 \u00a0 \u00a0 <strong>3.<\/strong> No cubrimos los costos de env\u00edo por devoluciones o cambios.<\/p>\n                 <\/div>\n               <\/div>\n             <\/div><\/div>\t\t<\/div>\n\t\t\t\t<\/div>\n\t\t\t\t\t<\/div>\n\t\t<\/div>\n\t\t\t\t\t\t\t<\/div>\n\t\t<\/section>\n\t\t\t\t\t\t\t<\/div>\n\t\t","protected":false},"excerpt":{"rendered":"<p>Preguntas Frecuentes \u00bfTienen tienda f\u00edsica? De momento somos tienda online. Nuestro horario de atenci\u00f3n es de lunes a viernesde 8:00 am &#8211; 5:00pm, y s\u00e1bados de 8:00am \u2013 4:00pm \u00bfQu\u00e9 formas de pago puedo aprovechar para realizar mi compra? Disponemos&#8230;<\/p>\n","protected":false},"author":1,"featured_media":0,"parent":0,"menu_order":0,"comment_status":"closed","ping_status":"closed","template":"","meta":{"_joinchat":[],"footnotes":""},"class_list":["post-3889","page","type-page","status-publish","hentry"],"_links":{"self":[{"href":"https:\/\/hn.insumoscoral.com\/index.php?rest_route=\/wp\/v2\/pages\/3889","targetHints":{"allow":["GET"]}}],"collection":[{"href":"https:\/\/hn.insumoscoral.com\/index.php?rest_route=\/wp\/v2\/pages"}],"about":[{"href":"https:\/\/hn.insumoscoral.com\/index.php?rest_route=\/wp\/v2\/types\/page"}],"author":[{"embeddable":true,"href":"https:\/\/hn.insumoscoral.com\/index.php?rest_route=\/wp\/v2\/users\/1"}],"replies":[{"embeddable":true,"href":"https:\/\/hn.insumoscoral.com\/index.php?rest_route=%2Fwp%2Fv2%2Fcomments&post=3889"}],"version-history":[{"count":49,"href":"https:\/\/hn.insumoscoral.com\/index.php?rest_route=\/wp\/v2\/pages\/3889\/revisions"}],"predecessor-version":[{"id":4554,"href":"https:\/\/hn.insumoscoral.com\/index.php?rest_route=\/wp\/v2\/pages\/3889\/revisions\/4554"}],"wp:attachment":[{"href":"https:\/\/hn.insumoscoral.com\/index.php?rest_route=%2Fwp%2Fv2%2Fmedia&parent=3889"}],"curies":[{"name":"wp","href":"https:\/\/api.w.org\/{rel}","templated":true}]}}